{"id":4574,"date":"2025-11-24T20:46:30","date_gmt":"2025-11-24T20:46:30","guid":{"rendered":"https:\/\/raph.xyz\/?page_id=4574"},"modified":"2025-11-24T20:59:57","modified_gmt":"2025-11-24T20:59:57","slug":"services","status":"publish","type":"page","link":"https:\/\/www.raph.xyz\/blog\/index.php\/services\/","title":{"rendered":"SERVICES"},"content":{"rendered":"<div class=\"vc_row wpb_row vc_row-fluid\"><div class=\"wpb_column vc_column_container vc_col-sm-12\"><div class=\"vc_column-inner\"><div class=\"wpb_wrapper\">\n\t<div class=\"wpb_text_column wpb_content_element \" >\n\t\t<div class=\"wpb_wrapper\">\n\t\t\t<p data-start=\"293\" data-end=\"373\"><strong data-start=\"293\" data-end=\"371\">J\u2019aide les marques engag\u00e9es \u00e0 trouver leur voix et \u00e0 leur donner une forme visuelle.<\/strong><\/p>\n<p>&nbsp;<\/p>\n<p data-start=\"380\" data-end=\"797\">\u00c0 travers l&rsquo;image de marque, la direction artistique et l\u2019accompagnement cr\u00e9atif \u00e0 long terme, je fa\u00e7onne des identit\u00e9s et des univers visuels intentionnels, expressifs et profond\u00e9ment align\u00e9s avec les valeurs qu\u2019ils portent. Que vous b\u00e2tissiez votre marque d\u00e8s le d\u00e9part, que vous r\u00e9imaginiez l\u2019ensemble de votre syst\u00e8me visuel ou que vous recherchiez un accompagnement cr\u00e9atif continu, mon approche allie clart\u00e9, strat\u00e9gie et sensibilit\u00e9 pour cr\u00e9er des designs qui r\u00e9sonnent et qui durent.<\/p>\n<p>&nbsp;<\/p>\n<p data-start=\"804\" data-end=\"936\">Du premier croquis \u00e0 la campagne finale, j\u2019aide les organisations \u00e0 raconter leur histoire avec coh\u00e9rence, sens et une belle simplicit\u00e9.<\/p>\n\n\t\t<\/div>\n\t<\/div>\n<\/div><\/div><\/div><div class=\"stages wpb_column vc_column_container vc_col-sm-12\"><div class=\"vc_column-inner\"><div class=\"wpb_wrapper\">\n\t<div class=\"wpb_text_column wpb_content_element  wpb_animate_when_almost_visible wpb_fadeIn fadeIn\" >\n\t\t<div class=\"wpb_wrapper\">\n\t\t\t<h1>SERVICES<\/h1>\n\n\t\t<\/div>\n\t<\/div>\n\n\t<div class=\"wpb_text_column wpb_content_element \" >\n\t\t<div class=\"wpb_wrapper\">\n\t\t\t<p>Trois niveaux de service con\u00e7us pour s\u2019adapter \u00e0 la taille de votre organisation et aux ambitions de votre projet.<\/p>\n\n\t\t<\/div>\n\t<\/div>\n\n\t<div class=\"wpb_text_column wpb_content_element  wpb_animate_when_almost_visible wpb_fadeInUp fadeInUp\" >\n\t\t<div class=\"wpb_wrapper\">\n\t\t\t<ol>\n<li>Identit\u00e9 visuelle <em>&#8211;<\/em> <strong>\u2192<\/strong>\n<ol>\n<li><strong>\u00c9laborez l\u2019essentiel. Une identit\u00e9 simple, claire et fonctionnelle pour poser les bases de votre marque.<\/strong><\/li>\n<li>Une identit\u00e9 visuelle, c\u2019est bien plus qu\u2019un logo, c\u2019est le d\u00e9but de votre histoire.<br \/>\nEssence vous offre une fondation \u00e9pur\u00e9e, significative et imm\u00e9diatement reconnaissable, qui refl\u00e8te qui vous \u00eates et ce que vous repr\u00e9sentez.<br \/>\nDu logo raffin\u00e9 \u00e0 un syst\u00e8me de couleurs et de typographies pens\u00e9 avec soin, cette offre apporte la clart\u00e9 et la confiance n\u00e9cessaires pour permettre \u00e0 votre marque de faire ses premiers pas, de grandir et d\u2019\u00eatre comprise au premier regard.<\/li>\n<\/ol>\n<\/li>\n<li>Image de marque compl\u00e8te <em>&#8211;<\/em> <strong>\u2192<\/strong>\n<ol>\n<li><strong>(R\u00e9)imaginez votre univers visuel.<br \/>\nUne image de marque forte et coh\u00e9rente, du logo aux communications du quotidien.<\/strong><\/li>\n<li>Signature s\u2019adresse aux marques pr\u00eates \u00e0 \u00e9lever \u2014 ou r\u00e9inventer \u2014 l\u2019ensemble de leur univers visuel.<br \/>\nGr\u00e2ce \u00e0 un syst\u00e8me de marque complet et coh\u00e9rent, je traduis votre mission, votre personnalit\u00e9 et votre voix en un langage visuel qui r\u00e9sonne sur tous vos points de contact.<br \/>\nCette offre inclut : une identit\u00e9 compl\u00e8te, un langage graphique \u00e9tendu, des gabarits, un guide de marque et la direction artistique n\u00e9cessaire pour assurer \u00e0 votre image une coh\u00e9rence, une expressivit\u00e9 et une singularit\u00e9 sans \u00e9quivoque.<br \/>\nC\u2019est le moment o\u00f9 votre marque devient un v\u00e9ritable univers.<\/li>\n<\/ol>\n<\/li>\n<li>Direction Artistique <em>&#8211;<\/em> <strong>\u2192<\/strong>\n<ol>\n<li><strong>Faites vivre votre marque dans le temps. Une direction cr\u00e9ative continue pour assurer coh\u00e9rence, fra\u00eecheur et pertinence \u00e0 chaque point de contact.<\/strong><\/li>\n<li>Avec Partenariat cr\u00e9atif, j\u2019accompagne votre \u00e9quipe sur le long terme, en fa\u00e7onnant la direction visuelle de vos campagnes, contenus, productions photo\/vid\u00e9o et communications quotidiennes.<br \/>\nJe vous aide \u00e0 rester coh\u00e9rent tout en explorant de nouvelles pistes cr\u00e9atives, afin que votre marque demeure actuelle, intentionnelle et align\u00e9e sur votre mission.<br \/>\nConsid\u00e9rez cela comme un alli\u00e9 cr\u00e9atif d\u00e9di\u00e9, qui fait grandir votre marque avec clart\u00e9 et ambition.<\/li>\n<\/ol>\n<\/li>\n<\/ol>\n\n\t\t<\/div>\n\t<\/div>\n<\/div><\/div><\/div><div class=\"pricing wpb_column vc_column_container vc_col-sm-12\"><div class=\"vc_column-inner\"><div class=\"wpb_wrapper\">\n\t<div class=\"wpb_text_column wpb_content_element  wpb_animate_when_almost_visible wpb_fadeIn fadeIn\" >\n\t\t<div class=\"wpb_wrapper\">\n\t\t\t<h1>TARIFS<\/h1>\n\n\t\t<\/div>\n\t<\/div>\n\n\t<div class=\"wpb_text_column wpb_content_element  wpb_animate_when_almost_visible wpb_fadeInUp fadeInUp\" >\n\t\t<div class=\"wpb_wrapper\">\n\t\t\t<p>Tous les tarifs sont (et resteront) ajustables en fonction des sp\u00e9cificit\u00e9s de votre projet et de vos besoins. Ce tableau sert uniquement d&rsquo;indication.<\/p>\n\n\t\t<\/div>\n\t<\/div>\n\n\t<div class=\"wpb_text_column wpb_content_element  wpb_animate_when_almost_visible wpb_fadeInUp fadeInUp\" >\n\t\t<div class=\"wpb_wrapper\">\n\t\t\t<ul>\n<li>Identit\u00e9 visuelle <strong>1 500$ \u00e0 2 500$<\/strong> <em>&#8211;<\/em> <strong>\u2192<\/strong>\n<ul>\n<li><strong>Logo, palette de couleurs, typographie, variations de base<\/strong><\/li>\n<li>Logos primaire et secondaires, guide de marque simplifi\u00e9, fichiers pr\u00eats \u00e0 l\u2019export<\/li>\n<\/ul>\n<\/li>\n<li>Image de marque compl\u00e8te <strong>3 000$ \u00e0 5 500$<\/strong> <em>&#8211;<\/em> <strong>\u2192<\/strong>\n<ul>\n<li><strong>Identit\u00e9 visuelle compl\u00e8te + strat\u00e9gie d\u2019usage et direction artistique globale<\/strong><\/li>\n<li>Inclut l\u2019offre Identit\u00e9 visuelle + guide de marque complet, visuels pour les r\u00e9seaux sociaux, gabarits, d\u00e9clinaisons imprim\u00e9es et web<\/li>\n<\/ul>\n<\/li>\n<li>Direction artistique <strong>1 500$\/mois<\/strong>\u00a0<em>&#8211;<\/em> <strong>\u2192<\/strong>\n<ul>\n<li><strong>Accompagnement continu, direction artistique de campagnes, coh\u00e9rence visuelle sur diff\u00e9rents m\u00e9dias<\/strong><\/li>\n<li>Moodboards, briefs de DA, supervision de production et de s\u00e9ances photo, multiples variations cr\u00e9atives<\/li>\n<\/ul>\n<\/li>\n<li>&laquo; \u00c0 la carte &raquo; <strong>80 $\/h<\/strong> <em>&#8211;<\/em> <strong>\u2192<\/strong>\n<ul>\n<li>Si aucune des offres ci-dessus ne correspond \u00e0 vos besoins ou si votre projet n\u00e9cessite un accompagnement plus long.<\/li>\n<\/ul>\n<\/li>\n<\/ul>\n\n\t\t<\/div>\n\t<\/div>\n<\/div><\/div><\/div><div class=\"what_can_we_do wpb_column vc_column_container vc_col-sm-12\"><div class=\"vc_column-inner\"><div class=\"wpb_wrapper\">\n\t<div class=\"wpb_text_column wpb_content_element  wpb_animate_when_almost_visible wpb_fadeIn fadeIn\" >\n\t\t<div class=\"wpb_wrapper\">\n\t\t\t<h1>&laquo; \u00c0 LA CARTE &raquo;<\/h1>\n\n\t\t<\/div>\n\t<\/div>\n\n\t<div class=\"wpb_text_column wpb_content_element  wpb_animate_when_almost_visible wpb_fadeInUp fadeInUp\" >\n\t\t<div class=\"wpb_wrapper\">\n\t\t\t<ul>\n<li>Image de marque <strong>\u2192<\/strong> <em>&#8211;<\/em>\n<ul>\n<li>L&rsquo;image de marque regroupe tout ce qui touche \u00e0 l\u2019univers graphique de votre projet : typographies, couleurs, mise en page, titraille, etc. Tout ce qui rend votre projet unique.<\/li>\n<\/ul>\n<\/li>\n<li>Imprim\u00e9s <strong>\u2192<\/strong> <em>&#8211;<\/em>\n<ul>\n<li>Affiches, d\u00e9pliants, brochures, banni\u00e8res, roll-ups, cartes d\u2019affaires, produits d\u00e9riv\u00e9s\u2026 Je ma\u00eetrise les r\u00e8gles et les exigences li\u00e9es \u00e0 l\u2019impression ainsi que la pr\u00e9paration des fichiers.<\/li>\n<\/ul>\n<\/li>\n<li>R\u00e9s. sociaux et assets num. <strong>\u2192<\/strong> <em>&#8211;<\/em>\n<ul>\n<li>Comme toute personne jeune et connect\u00e9e, la ma\u00eetrise des r\u00e9seaux sociaux fait partie int\u00e9grante de mon travail : Facebook, Instagram, Canva, ou tout autre outil de communication web. Je cr\u00e9e des visuels adapt\u00e9s, actuels et coh\u00e9rents avec votre marque.<\/li>\n<\/ul>\n<\/li>\n<li>Logotype <strong>\u2192<\/strong> <em>&#8211;<\/em>\n<ul>\n<li>Personne ne veut d\u2019un logo qui ressemble \u00e0 celui d\u2019un autre ou qui semble g\u00e9n\u00e9rique. Pour \u00e9viter cela, il est essentiel de comprendre la v\u00e9ritable essence de la marque et les besoins de ses utilisateurs. Gardons en t\u00eate : less is more.<\/li>\n<\/ul>\n<\/li>\n<li>Illustration <strong>\u2192<\/strong> <em>&#8211;<\/em>\n<ul>\n<li>Gr\u00e2ce \u00e0 ma formation acad\u00e9mique et \u00e0 ma passion constante pour le dessin, j\u2019ai d\u00e9velopp\u00e9 de solides comp\u00e9tences en illustration. Cela me permet de r\u00e9pondre \u00e0 des demandes beaucoup plus vari\u00e9es que celles qui rel\u00e8vent uniquement du \u00ab graphisme \u00bb.<\/li>\n<\/ul>\n<\/li>\n<li>DA photo et vid\u00e9o <strong>\u2192<\/strong> <em>&#8211;<\/em>\n<ul>\n<li>Cr\u00e9er des histoires visuelles qui r\u00e9sonnent. Je dirige vos s\u00e9ances photo et vid\u00e9o afin de produire des images intentionnelles, coh\u00e9rentes et align\u00e9es avec la personnalit\u00e9 de votre marque.<\/li>\n<\/ul>\n<\/li>\n<li>Front-End <strong>\u2192<\/strong> <em>&#8211;<\/em>\n<ul>\n<li>Le d\u00e9veloppement web fait \u00e9galement partie de ma bo\u00eete \u00e0 outils : WordPress, SquareSpace, Wix ou programmation from scratch. Je sais allier fonctionnalit\u00e9 et design pour cr\u00e9er un site esth\u00e9tique et efficace. Le site sur lequel vous naviguez en est un exemple.<\/li>\n<\/ul>\n<\/li>\n<li>Motion design simple <strong>\u2192<\/strong> <em>&#8211;<\/em>\n<ul>\n<li>Apr\u00e8s trois ans dans le milieu des effets visuels et la r\u00e9alisation de courts m\u00e9trages d\u2019animation et de vid\u00e9os promotionnelles, le montage et le motion design me sont tr\u00e8s familiers.<\/li>\n<\/ul>\n<\/li>\n<li>UI\/UX <strong>\u2192<\/strong> <em>&#8211;<\/em>\n<ul>\n<li>Vous souhaitez visualiser votre projet sous forme d\u2019application ou de page web ? C\u2019est possible. De l\u2019id\u00e9e initiale au wireframe basse fid\u00e9lit\u00e9 jusqu\u2019au prototype haute fid\u00e9lit\u00e9, je con\u00e7ois une interface align\u00e9e avec les tendances actuelles.<\/li>\n<\/ul>\n<\/li>\n<li>Relations humaines <strong>\u2192<\/strong> <em>&#8211;<\/em>\n<ul>\n<li>Parce que c\u2019est essentiel dans toute collaboration professionnelle : respect et int\u00e9grit\u00e9 avant tout.<\/li>\n<\/ul>\n<\/li>\n<\/ul>\n\n\t\t<\/div>\n\t<\/div>\n\n\t<div class=\"wpb_text_column wpb_content_element  wpb_animate_when_almost_visible wpb_fadeInUp fadeInUp more_project\" >\n\t\t<div class=\"wpb_wrapper\">\n\t\t\t<p><a href=\"https:\/\/raph.xyz\/index.php\/contact_form\/\">get a quote<\/a><\/p>\n\n\t\t<\/div>\n\t<\/div>\n<\/div><\/div><\/div><\/div>\n","protected":false},"excerpt":{"rendered":"J\u2019aide les marques engag\u00e9es \u00e0 trouver leur voix et \u00e0 leur donner une forme visuelle. &nbsp; \u00c0 travers l'image de marque, la direction artistique et l\u2019accompagnement cr\u00e9atif \u00e0 long terme, je fa\u00e7onne des identit\u00e9s et des univers visuels intentionnels, expressifs et profond\u00e9ment align\u00e9s avec les valeurs qu\u2019ils portent. Que vous b\u00e2tissiez votre marque d\u00e8s le <a href=\"https:\/\/www.raph.xyz\/blog\/index.php\/services\/\" class=\"more-link\">...<\/a>","protected":false},"author":1,"featured_media":0,"parent":0,"menu_order":0,"comment_status":"closed","ping_status":"closed","template":"","meta":[],"_links":{"self":[{"href":"https:\/\/www.raph.xyz\/blog\/index.php\/wp-json\/wp\/v2\/pages\/4574"}],"collection":[{"href":"https:\/\/www.raph.xyz\/blog\/index.php\/wp-json\/wp\/v2\/pages"}],"about":[{"href":"https:\/\/www.raph.xyz\/blog\/index.php\/wp-json\/wp\/v2\/types\/page"}],"author":[{"embeddable":true,"href":"https:\/\/www.raph.xyz\/blog\/index.php\/wp-json\/wp\/v2\/users\/1"}],"replies":[{"embeddable":true,"href":"https:\/\/www.raph.xyz\/blog\/index.php\/wp-json\/wp\/v2\/comments?post=4574"}],"version-history":[{"count":4,"href":"https:\/\/www.raph.xyz\/blog\/index.php\/wp-json\/wp\/v2\/pages\/4574\/revisions"}],"predecessor-version":[{"id":4580,"href":"https:\/\/www.raph.xyz\/blog\/index.php\/wp-json\/wp\/v2\/pages\/4574\/revisions\/4580"}],"wp:attachment":[{"href":"https:\/\/www.raph.xyz\/blog\/index.php\/wp-json\/wp\/v2\/media?parent=4574"}],"curies":[{"name":"wp","href":"https:\/\/api.w.org\/{rel}","templated":true}]}}